{"id":8937,"date":"2022-03-26T20:21:25","date_gmt":"2022-03-26T19:21:25","guid":{"rendered":"https:\/\/weikfutsal.com\/membership-join\/membership-registration\/"},"modified":"2026-04-13T20:53:14","modified_gmt":"2026-04-13T18:53:14","slug":"wf-registration","status":"publish","type":"page","link":"https:\/\/weikfutsal.com\/en\/wf-login\/wf-registration\/","title":{"rendered":"Registro"},"content":{"rendered":"<div class=\"brz-root__container brz-reset-all\">\n<section id=\"colaboraciones\" class=\"brz-section brz-css-t_248\">\n<div class=\"brz-section__content brz-section--boxed brz-css-jFRtD brz-css-e6Bh8\" data-brz-custom-id=\"dpjnevoilzasuwnvqutrwhqahqiweuhxjldd\">\n<div class=\"brz-bg\">\n<div class=\"brz-bg-color\"><\/div>\n<\/div>\n<div class=\"brz-container brz-css-rqDHk\">\n<div class=\"brz-row__container brz-css-wjOzb brz-css-qWh0i\" data-brz-custom-id=\"bgyienqeviypzuyxnrledmcopypriqbvwwmj\">\n<div class=\"brz-bg\"><\/div>\n<div class=\"brz-row brz-css-uK_4H brz-css-kB4HJ\">\n<div class=\"brz-columns brz-css-yERn2 brz-css-aGffB\" data-brz-custom-id=\"iaxmmdkarsuruonzfzxckiribrwfdbjyjqmu\">\n<div class=\"brz-column__items brz-css-urPqF brz-css-tHUAj\">\n<div id class=\"brz-css-hboqE brz-css-jvvM_ brz-wrapper\">\n<div class=\"brz-rich-text brz-rich-text__custom brz-css-w8Ti_\" data-brz-custom-id=\"eazhqqzpjobawjcjjkbyixlxmxethwdicajs\">\n<div data-brz-translate-text=\"1\">\n<h2 class=\"brz-tp-lg-heading2 brz-css-pMae6\" data-generated-css=\"brz-css-grngl\" data-uniq-id=\"wnhiw\"><span class=\"brz-cp-color2\">Registro de miembro<\/span><\/h2>\n<\/div>\n<\/div>\n<\/div>\n<div id class=\"brz-css-hboqE brz-css-lRJdr brz-wrapper\">\n<div class=\"brz-wp-shortcode brz-css-anO4T\" data-brz-custom-id=\"pdjzsbennjrsawzinrzkxtciyljecljnoxso\">\n<div><div class=\"swpm-registration-widget-form\">\n    <form id=\"swpm-registration-form\" class=\"swpm-validate-form\" name=\"swpm-registration-form\" method=\"post\" action=\"\">\n        <input type =\"hidden\" name=\"level_identifier\" value=\"c81e728d9d4c2f636f067f89cc14862c\" \/>\n        <table>\n            <tr class=\"swpm-registration-username-row\" >\n                <td><label for=\"user_name\">Username<\/label><\/td>\n                <td><input type=\"text\" id=\"user_name\" class=\"validate[required,custom[noapostrophe],custom[SWPMUserName],minSize[4],ajax[ajaxUserCall]]\" value=\"\" size=\"50\" name=\"user_name\" \/><\/td>\n            <\/tr>\n            <tr class=\"swpm-registration-email-row\">\n                <td><label for=\"email\">Email<\/label><\/td>\n                <td><input type=\"text\" autocomplete=\"off\" id=\"email\" class=\"validate[required,custom[email],ajax[ajaxEmailCall]]\" value=\"\" size=\"50\" name=\"email\" \/><\/td>\n            <\/tr>\n            <tr class=\"swpm-registration-password-row\">\n                <td><label for=\"password\">Password<\/label><\/td>\n                <td><input type=\"password\" autocomplete=\"off\" id=\"password\" class=\"\" value=\"\" size=\"50\" name=\"password\" \/><\/td>\n            <\/tr>\n            <tr class=\"swpm-registration-password-retype-row\">\n                <td><label for=\"password_re\">Repeat Password<\/label><\/td>\n                <td><input type=\"password\" autocomplete=\"off\" id=\"password_re\" value=\"\" size=\"50\" name=\"password_re\" \/><\/td>\n            <\/tr>\n            <tr class=\"swpm-registration-firstname-row\" >\n                <td><label for=\"first_name\">First Name<\/label><\/td>\n                <td><input type=\"text\" id=\"first_name\" value=\"\" size=\"50\" name=\"first_name\" \/><\/td>\n            <\/tr>\n            <tr class=\"swpm-registration-lastname-row\" >\n                <td><label for=\"last_name\">Last Name<\/label><\/td>\n                <td><input type=\"text\" id=\"last_name\" value=\"\" size=\"50\" name=\"last_name\" \/><\/td>\n            <\/tr>\n            <tr\n                class=\"swpm-registration-membership-level-row\"\n                                style=\"\"\n            >\n                <td><label for=\"membership_level\">Membership Level<\/label><\/td>\n                <td>\n                    Free<input type=\"hidden\" value=\"2\" size=\"50\" name=\"swpm_membership_level\" id=\"membership_level\" \/><input type=\"hidden\" name=\"swpm_level_hash\" value=\"0aea1748fe69a14d4abde969b6883479\" \/>                <\/td>\n            <\/tr>\n                            <tr>\n                    <td colspan=\"2\" style=\"text-align: center;\">\n                        <label><input type=\"checkbox\" id=\"swpm-accept-terms\" name=\"accept_terms\" class=\"validate[required]\" value=\"1\"> I accept the  <a href=\"\/terminos-condiciones\/\" target=\"_blank\">Terms and Conditions<\/a><\/label>\n                    <\/td>\n                <\/tr>\n                                <tr>\n                    <td colspan=\"2\" style=\"text-align: center;\">\n                        <label><input type=\"checkbox\" id=\"swpm-accept-pp\" name=\"accept_pp\" class=\"validate[required]\" value=\"1\"> I agree to the  <a href=\"\/politica-de-privacidad\" target=\"_blank\">Privacy Policy<\/a><\/label>\n                    <\/td>\n                <\/tr>\n                        <\/table>\n\n        <div class=\"swpm-before-registration-submit-section\" align=\"center\"><div class=\"swpm-recaptcha-section\" style=\"margin-bottom: 15px;\"><style type=\"text\/css\">@media screen and (max-width: 375px) {\n            .swpm_g_captcha{transform:scale(0.77);transform-origin:0;-webkit-transform:scale(0.77);-webkit-transform-origin:0 0;}\n        }<\/style><script src=\"https:\/\/www.google.com\/recaptcha\/api.js\" async defer><\/script><div class=\"swpm_g_captcha\"><div class=\"g-recaptcha\" data-sitekey=\"6LcUAJoeAAAAAH9voPM4scQkWD2HhNx6zymlQwl7\" data-theme=\"light\" data-size=\"normal\"><\/div><\/div><\/div><\/div>\n\n        <div class=\"swpm-registration-submit-section\" align=\"center\">\n            <input type=\"submit\" value=\"Register\" class=\"swpm-registration-submit\" name=\"swpm_registration_submit\" \/>\n        <\/div>\n\n        <input type=\"hidden\" name=\"action\" value=\"custom_posts\" \/>\n\n    <\/form>\n<\/div>\n<\/div>\n<\/div>\n<\/div>\n<\/div>\n<\/div>\n<\/div>\n<\/div>\n<\/div>\n<\/div>\n<\/section>\n<section id=\"contacto\" class=\"brz-section brz-css-t_248\">\n<div class=\"brz-section__content brz-section--boxed brz-css-jFRtD brz-css-j3KHh\" data-brz-custom-id=\"apewvhfoedjccrrpohoasvxyeltrzvsnudob\">\n<div class=\"brz-bg\">\n<div class=\"brz-bg-color\"><\/div>\n<\/div>\n<div class=\"brz-container brz-css-rqDHk\">\n<div class=\"brz-row__container brz-css-wjOzb\" data-brz-custom-id=\"smvyvnwwulhzftwuloviypuvfjqudhfixncm\">\n<div class=\"brz-bg\"><\/div>\n<div class=\"brz-row brz-css-uK_4H brz-css-cTv_T\">\n<div class=\"brz-columns brz-css-yERn2 brz-css-dLrrG\" data-brz-custom-id=\"ifmlpyuufamtvzbztdwhwhzxvfsaulcliucp\">\n<div class=\"brz-bg\"><\/div>\n<div class=\"brz-column__items brz-css-urPqF brz-css-y8XHG\">\n<div id class=\"brz-css-hboqE brz-wrapper\">\n<div class=\"brz-rich-text brz-rich-text__custom brz-css-w8Ti_\" data-brz-custom-id=\"vhihxqzewarymecglflglqfkhyjusimcpyvs\">\n<div data-brz-translate-text=\"1\">\n<p data-generated-css=\"brz-css-aquee\" data-uniq-id=\"lsmmg\" class=\"brz-text-sm-left brz-tp-lg-abovetitle brz-css-qAX4N\"><span class=\"brz-cp-color6 brz-capitalize-on\">Contacto WEIK FUTSAL<\/span><\/p>\n<\/div>\n<\/div>\n<\/div>\n<div id class=\"brz-css-hboqE brz-wrapper\">\n<div class=\"brz-rich-text brz-rich-text__custom brz-css-w8Ti_\" data-brz-custom-id=\"yrsbuwommxvnuhbygnxjxbcipxigoygxoxtw\">\n<div data-brz-translate-text=\"1\">\n<h2 class=\"brz-text-sm-left brz-tp-lg-heading2 brz-css-tNYBi\" data-generated-css=\"brz-css-apuac\" data-uniq-id=\"qfimc\"><span class=\"brz-cp-color6\">Datos y formulario de contacto<\/span><\/h2>\n<\/div>\n<\/div>\n<\/div>\n<div id class=\"brz-css-hboqE brz-wrapper\">\n<div class=\"brz-rich-text brz-rich-text__custom brz-css-w8Ti_\" data-brz-custom-id=\"nfrpviyiglynvyarxswgzwjpdubmwbuqeuvh\">\n<div data-brz-translate-text=\"1\">\n<p class=\"brz-tp-lg-paragraph brz-text-sm-left brz-css-rjtbn\" data-uniq-id=\"axrjo\" data-generated-css=\"brz-css-xzjof\"><span class=\"brz-cp-color6\">Escr\u00edbenos a trav\u00e9s del formulario de contacto o si lo prefieres a trav\u00e9s del correo electr\u00f3nico, el tel\u00e9fono, por WhatsApp o las redes sociales. \u00a1Te responderemos lo antes posible!<\/span><\/p>\n<\/div>\n<\/div>\n<\/div>\n<div id class=\"brz-css-hboqE brz-css-eKlZw brz-wrapper\">\n<div class=\"brz-rich-text brz-rich-text__custom brz-css-w8Ti_\" data-brz-custom-id=\"jquohftdlckpggyrwdhoyxnhqntamyezngmz\">\n<div data-brz-translate-text=\"1\">\n<h5 class=\"brz-tp-lg-heading5 brz-text-sm-left brz-css-ekVQ8\" data-uniq-id=\"hisfl\" data-generated-css=\"brz-css-sqepg\"><a class=\"brz-cp-color6 link--external\" href=\"tel:+34667672797\" data-brz-link-type=\"external\">+34 667 672 797<\/a><\/h5>\n<\/div>\n<\/div>\n<\/div>\n<div id class=\"brz-css-hboqE brz-wrapper\">\n<div class=\"brz-rich-text brz-rich-text__custom brz-css-w8Ti_\" data-brz-custom-id=\"wrglxspzwofwenhvghsfwvsaazfhqxfiezhr\">\n<div data-brz-translate-text=\"1\">\n<h5 class=\"brz-tp-lg-heading5 brz-text-sm-left brz-css-agFsV\" data-uniq-id=\"myccc\" data-generated-css=\"brz-css-bthxi\"><span class=\"brz-cp-color6 brz-span\">info@weikfutsal.com<\/span><\/h5>\n<\/div>\n<\/div>\n<\/div>\n<div class=\"brz-wrapper-clone brz-css-gieJY\">\n<div class=\"brz-d-xs-flex brz-flex-xs-wrap brz-css-oOsny brz-css-znscN\" data-brz-custom-id>\n<div class=\"brz-wrapper-clone__item\" id=\"onhjdzzudhffscbdxkoivbzxjusafolqnwsb\">\n<div class=\"brz-icon__container\" data-brz-custom-id=\"onhjdzzudhffscbdxkoivbzxjusafolqnwsb\"><a class=\"brz-a\" href=\"https:\/\/www.facebook.com\/WeikFutsal\" target=\"_blank\" rel=\"noopener\" data-brz-link-type=\"external\"><span class=\"brz-icon brz-span brz-css-ve9Yl brz-css-h9hk4\"><\/span><\/a><\/div>\n<\/div>\n<div class=\"brz-wrapper-clone__item\" id=\"mnvxyyrtoeklxqnmszxkffyufqxvvwakfmwo\">\n<div class=\"brz-icon__container\" data-brz-custom-id=\"mnvxyyrtoeklxqnmszxkffyufqxvvwakfmwo\"><a class=\"brz-a\" href=\"https:\/\/www.instagram.com\/weikfutsal\/\" target=\"_blank\" rel=\"noopener\" data-brz-link-type=\"external\"><span class=\"brz-icon brz-span brz-css-ve9Yl brz-css-dLX32\"><\/span><\/a><\/div>\n<\/div>\n<div class=\"brz-wrapper-clone__item\" id=\"puoyjimnpymfxfixwowgnsqhbeurcoiabuyb\">\n<div class=\"brz-icon__container\" data-brz-custom-id=\"puoyjimnpymfxfixwowgnsqhbeurcoiabuyb\"><a class=\"brz-a\" href=\"https:\/\/twitter.com\/WeikFutsal\" target=\"_blank\" rel=\"noopener\" data-brz-link-type=\"external\"><span class=\"brz-icon brz-span brz-css-ve9Yl brz-css-xGhKQ\"><\/span><\/a><\/div>\n<\/div>\n<div class=\"brz-wrapper-clone__item\" id=\"uwgcwnfiqsgxlbfvywonwglndljmzbumcqlc\">\n<div class=\"brz-icon__container\" data-brz-custom-id=\"uwgcwnfiqsgxlbfvywonwglndljmzbumcqlc\"><a class=\"brz-a\" href=\"https:\/\/www.youtube.com\/channel\/UCDnDAcb_Ji2SMjIDziyWFwQ\" target=\"_blank\" rel=\"noopener\" data-brz-link-type=\"external\"><span class=\"brz-icon brz-span brz-css-ve9Yl brz-css-gwbHE\"><\/span><\/a><\/div>\n<\/div>\n<\/div>\n<\/div>\n<\/div>\n<\/div>\n<div class=\"brz-columns brz-css-yERn2 brz-css-l3AC2\" data-brz-custom-id=\"mzzmfhqebyunzlryulafjmlkxowqzezkwpbu\">\n<div class=\"brz-bg\"><\/div>\n<div class=\"brz-column__items brz-css-urPqF brz-css-wwacV\">\n<div id class=\"brz-css-hboqE brz-css-sdKKg brz-wrapper\">\n<div data-brz-form-version=\"2\" class=\"brz-forms2 brz-css-eF1gV brz-css-cqp1o\" data-brz-custom-id=\"bumrugnvrrrnxfywprxwawwewyiyumdwrrgy\">\n<div data-brz-translate-text=\"1\" class=\"brz-forms2__item brz-css-pio7R brz-css-vsEiA brz-css-jVY61 brz-css-dTH4q\"><\/div>\n<div data-brz-translate-text=\"1\" class=\"brz-forms2__item brz-css-pio7R brz-css-vsEiA brz-css-jVY61 brz-css-zCHKw\"><\/div>\n<div data-brz-translate-text=\"1\" class=\"brz-forms2__item brz-css-pio7R brz-css-vsEiA brz-css-jVY61 brz-css-p2ttQ\"><\/div>\n<div data-brz-translate-text=\"1\" class=\"brz-forms2__item brz-css-pio7R brz-css-vsEiA brz-css-jVY61 brz-css-ibJCr\"><\/div>\n<div data-brz-translate-text=\"1\" class=\"brz-forms2__item brz-css-pio7R brz-css-vsEiA brz-css-jVY61 brz-css-aqM92\"><textarea id=\"iXtvZHziHLWz\" name=\"pzaggethaedliqgtkycgsxkavnhyowugkvin\" data-brz-type=\"Paragraph\" data-brz-label=\"Tu mensaje\" data-brz-placeholder=\"Tu mensaje\" class=\"brz-textarea brz-forms2__field brz-forms2__field-paragraph\"><\/textarea><\/div>\n<div data-brz-translate-text=\"1\" class=\"brz-forms2__item brz-css-pio7R brz-css-vsEiA brz-css-jVY61\">\n<div class=\"brz-forms2__field brz-forms2__checkbox\">\n<div class=\"brz-control__check-group brz-forms2__checkbox-options\">\n<div data-brz-translate-text=\"1\" class=\"brz-control__check-group-option brz-forms2__checkbox-option\"><label class=\"brz-label\" for=\"lo285CI7h1nU\"><\/p>\n<div class=\"brz-control__check-group-icon brz-control__check-group--check\"><\/div>\n<div class=\"brz-control__check-group-icon brz-control__check-group--uncheck\"><\/div>\n<p><span class=\"brz-span brz-forms2__checkbox-option-name\">He le\u00eddo y acepto la pol\u00edtica de privacidad descrita en esta web.<\/span><\/label><\/div>\n<\/div>\n<\/div>\n<\/div>\n<div class=\"brz-forms2 brz-forms2__item brz-forms2__item-button\" data-brz-custom-id=\"bumrugnvrrrnxfywprxwawwewyiyumdwrrgy\"><button class=\"brz-btn brz-btn-submit brz-css-x9GZ_ brz-css-oeClX\" data-brz-custom-id=\"epmwnnwjbtjxnofmvkfbdpbznyxhdcdwsibq\"><span data-brz-translate-text=\"1\" class=\"brz-span brz-text__editor\">Enviar mensaje<\/span><\/button>!function(){function t(t){this.element=t,this.animationId,this.start=null,this.init()}if(!window.requestAnimationFrame){var i=null;window.requestAnimationFrame=function(t,n){var e=(new Date).getTime();i||(i=e);var a=Math.max(0,16-(e-i)),o=window.setTimeout(function(){t(e+a)},a);return i=e+a,o}}t.prototype.init=function(){var t=this;this.animationId=window.requestAnimationFrame(t.triggerAnimation.bind(t))},t.prototype.reset=function(){var t=this;window.cancelAnimationFrame(t.animationId)},t.prototype.triggerAnimation=function(t){var i=this;this.start||(this.start=t);var n=t-this.start;504&gt;n||(this.start=this.start+504),this.element.setAttribute(&quot;transform&quot;,&quot;rotate(&quot;+Math.min(n\/1.4,360)+&quot; 12 12)&quot;);if(document.documentElement.contains(this.element))window.requestAnimationFrame(i.triggerAnimation.bind(i))};var n=document.getElementsByClassName(&quot;nc-loop_circle-02-24&quot;),e=[];if(n)for(var a=0;n.length&gt;a;a++)!function(i){e.push(new t(n[i]))}(a);document.addEventListener(&quot;visibilitychange&quot;,function(){&quot;hidden&quot;==document.visibilityState?e.forEach(function(t){t.reset()}):e.forEach(function(t){t.init()})})}();<\/div>\n<div class=\"brz-g-recaptcha\" data-sitekey=\"6LdREpoeAAAAAGZvuoWC-i76brdw7EO8ZqaQ73vJ\" data-size=\"invisible\" data-callback=\"brzFormV2Captcha\"><\/div>\n<\/div>\n<\/div>\n<\/div>\n<\/div>\n<\/div>\n<\/div>\n<\/div>\n<\/div>\n<\/section>\n<\/div>\n<p>    <!-- version:1740755930 --><\/p>\n","protected":false},"excerpt":{"rendered":"<p>Registro de miembro Contacto WEIK FUTSAL Datos y formulario de contacto Escr\u00edbenos a trav\u00e9s del formulario de contacto o si lo prefieres a trav\u00e9s del correo electr\u00f3nico, el tel\u00e9fono, por WhatsApp o las redes sociales. \u00a1Te responderemos lo antes posible! +34 667 672 797 info@weikfutsal.com He le\u00eddo y acepto la pol\u00edtica de privacidad descrita en &#8230; <a title=\"Registro\" class=\"read-more\" href=\"https:\/\/weikfutsal.com\/en\/wf-login\/wf-registration\/\" aria-label=\"Read more about Registro\">Leer m\u00e1s<\/a><\/p>","protected":false},"author":1,"featured_media":0,"parent":77,"menu_order":11,"comment_status":"closed","ping_status":"closed","template":"","meta":{"_acf_changed":false,"_ppp_document_settings_meta":"","footnotes":""},"class_list":["post-8937","page","type-page","status-publish"],"acf":[],"brizy_media":[],"_links":{"self":[{"href":"https:\/\/weikfutsal.com\/en\/wp-json\/wp\/v2\/pages\/8937","targetHints":{"allow":["GET"]}}],"collection":[{"href":"https:\/\/weikfutsal.com\/en\/wp-json\/wp\/v2\/pages"}],"about":[{"href":"https:\/\/weikfutsal.com\/en\/wp-json\/wp\/v2\/types\/page"}],"author":[{"embeddable":true,"href":"https:\/\/weikfutsal.com\/en\/wp-json\/wp\/v2\/users\/1"}],"replies":[{"embeddable":true,"href":"https:\/\/weikfutsal.com\/en\/wp-json\/wp\/v2\/comments?post=8937"}],"version-history":[{"count":2,"href":"https:\/\/weikfutsal.com\/en\/wp-json\/wp\/v2\/pages\/8937\/revisions"}],"predecessor-version":[{"id":26292,"href":"https:\/\/weikfutsal.com\/en\/wp-json\/wp\/v2\/pages\/8937\/revisions\/26292"}],"up":[{"embeddable":true,"href":"https:\/\/weikfutsal.com\/en\/wp-json\/wp\/v2\/pages\/77"}],"wp:attachment":[{"href":"https:\/\/weikfutsal.com\/en\/wp-json\/wp\/v2\/media?parent=8937"}],"curies":[{"name":"wp","href":"https:\/\/api.w.org\/{rel}","templated":true}]}}