{"id":67,"date":"2022-02-23T18:03:39","date_gmt":"2022-02-23T17:03:39","guid":{"rendered":"https:\/\/weikfutsal.com\/?page_id=67"},"modified":"2026-04-14T06:01:48","modified_gmt":"2026-04-14T04:01:48","slug":"services","status":"publish","type":"page","link":"https:\/\/weikfutsal.com\/en\/servicios\/","title":{"rendered":"Services"},"content":{"rendered":"<div class=\"brz-root__container brz-reset-all\">\n<section id=\"servicios\" class=\"brz-section brz-css-teIqV\">\n<div class=\"brz-section__content brz-section--boxed brz-css-gCJok brz-css-kMMgr\" data-brz-custom-id=\"vhbqtdpoierdjrspfjivhzhuvwesgujrozos\">\n<div class=\"brz-bg\">\n<div class=\"brz-bg-image brz-bg-image-parallax\"><\/div>\n<\/div>\n<div class=\"brz-container brz-css-j09aG\">\n<div class=\"brz-row__container brz-css-jYbLR\" data-brz-custom-id=\"ttgjjbbvfivpyoyuveovglkjshzridnblogx\">\n<div class=\"brz-bg\"><\/div>\n<div class=\"brz-row brz-css-fCi0J brz-css-wQkSn\">\n<div class=\"brz-columns brz-css-xu83L brz-css-dNTfp\" data-brz-custom-id=\"qbldigggxnpcyofvpfiutjyygsjfumldrgrd\">\n<div class=\"brz-column__items brz-css-xA0s2 brz-css-z7530\">\n<div id class=\"brz-css-rjuAC brz-css-kzjzR brz-wrapper\">\n<div class=\"brz-rich-text brz-rich-text__custom brz-css-ggzZu\" data-brz-custom-id=\"djkdqnmokqepqcrfaimlrrlnkjtkqpzxqzwq\">\n<div data-brz-translate-text=\"1\">\n<p class=\"brz-tp-lg-abovetitle brz-text-lg-left brz-css-vM8Dh\" data-uniq-id=\"enagv\" data-generated-css=\"brz-css-mrhpj\"><span class=\"brz-capitalize-on brz-cp-color6\">SERVICIOS WEIK FUTSAL<\/span><\/p>\n<\/div>\n<\/div>\n<\/div>\n<div id class=\"brz-css-rjuAC brz-wrapper\">\n<div class=\"brz-rich-text brz-rich-text__custom brz-css-ggzZu\" data-brz-custom-id=\"blvfsvlxglzvschipmwgnjxhsbkvmtsxqgzm\">\n<div data-brz-translate-text=\"1\">\n<h1 class=\"brz-tp-lg-heading1 brz-css-w1NWX\" data-generated-css=\"brz-css-yinep\" data-uniq-id=\"xerbg\"><span class=\"brz-cp-color6\">Servicios personalizados para entrenadores<\/span><\/h1>\n<\/div>\n<\/div>\n<\/div>\n<div id class=\"brz-css-rjuAC brz-css-kvIu0 brz-wrapper\">\n<div class=\"brz-rich-text brz-rich-text__custom brz-css-ggzZu\" data-brz-custom-id=\"hdlkihogrtfhcdsawqiiesgzopmmpbxcugsh\">\n<div data-brz-translate-text=\"1\">\n<p class=\"brz-tp-lg-subtitle brz-css-qQMSp\" data-generated-css=\"brz-css-zvjhw\" data-uniq-id=\"fjmxl\"><span class=\"brz-cp-color6\">Servicios personalizados para entrenadores, jugadores y clubs de F\u00fatbol Sala para una mejora t\u00e9cnico-t\u00e1ctica y de conocimientos, adaptados a cada cliente. \u00a1100% personalizados!<\/span><\/p>\n<\/div>\n<\/div>\n<\/div>\n<\/div>\n<\/div>\n<div class=\"brz-columns brz-css-xu83L brz-css-cBHyU\" data-brz-custom-id=\"ygxtmaduxunvfmskgwomqrckxaojqwaagqir\">\n<div class=\"brz-bg\"><\/div>\n<div class=\"brz-column__items brz-css-xA0s2 brz-css-k04mk\">\n<div class=\"brz-row__container brz-css-jYbLR\" data-brz-custom-id=\"wnzegljqiqghrdzsrvyokqyybzchdfazorxf\">\n<div class=\"brz-bg\"><\/div>\n<div class=\"brz-row brz-row--inner brz-css-fCi0J brz-css-wQkSn\">\n<div class=\"brz-columns brz-css-xu83L brz-css-hcRgm\" data-brz-custom-id=\"ykagbqksmdarabaprljyscbtmplqhtjsjxcj\">\n<div class=\"brz-bg\">\n<div class=\"brz-bg-color\"><\/div>\n<\/div>\n<div class=\"brz-column__items brz-css-xA0s2 brz-css-dWZ6D\">\n<div id class=\"brz-css-rjuAC brz-css-nNYMX brz-wrapper\">\n<div class=\"brz-rich-text brz-rich-text__custom brz-css-ggzZu\" data-brz-custom-id=\"cfqdzgxnfbjzxdzxjwxyriijgdbkzmkykkgp\">\n<div data-brz-translate-text=\"1\">\n<h3 class=\"brz-tp-heading3 brz-css-jvwcb\"><span class=\"brz-cp-color6\">Asesoramiento, consultor\u00eda y acompa\u00f1amiento<\/span><\/h3>\n<\/div>\n<\/div>\n<\/div>\n<div id class=\"brz-css-rjuAC brz-css-gFfIe brz-wrapper\">\n<div class=\"brz-spacer brz-css-pkGTb brz-css-h4tfK\"><\/div>\n<\/div>\n<div class=\"brz-wrapper-clone brz-css-vZqyj brz-css-ptCtO\">\n<div class=\"brz-d-xs-flex brz-flex-xs-wrap brz-css-jFuX6 brz-css-oS7Kp\" data-brz-custom-id>\n<div class=\"brz-wrapper-clone__item\" id=\"aqowwumzofyrdbuwafjerkiovzkelqqalekd\"><a class=\"brz-a brz-btn brz-css-xOq8Y brz-css-ieeIB\" href=\"#contacto\" target=\"_self\" rel=\"noopener\" data-brz-link-type=\"external\" data-brz-custom-id=\"aqowwumzofyrdbuwafjerkiovzkelqqalekd\"><span data-brz-translate-text=\"1\" class=\"brz-span brz-text__editor\">Solicita informaci\u00f3n<\/span><\/a><\/div>\n<\/div>\n<\/div>\n<\/div>\n<\/div>\n<div class=\"brz-columns brz-css-xu83L brz-css-l6vT0\" data-brz-custom-id=\"hiodhdhrsfkpoxsgqyjnzxyogebpwjiwhcbs\">\n<div class=\"brz-bg\">\n<div class=\"brz-bg-color\"><\/div>\n<\/div>\n<div class=\"brz-column__items brz-css-xA0s2 brz-css-sVC1x\">\n<div id class=\"brz-css-rjuAC brz-css-nvE1D brz-wrapper\">\n<div class=\"brz-rich-text brz-rich-text__custom brz-css-ggzZu\" data-brz-custom-id=\"mmvpmcjrportvkbaoszzmkqcvdtlhgxmnzwe\">\n<div data-brz-translate-text=\"1\">\n<h3 class=\"brz-tp-heading3 brz-css-pHPJ8\"><span class=\"brz-cp-color6\">Formaciones online y presenciales<\/span><\/h3>\n<\/div>\n<\/div>\n<\/div>\n<div id class=\"brz-css-rjuAC brz-css-gFfIe brz-wrapper\">\n<div class=\"brz-spacer brz-css-pkGTb brz-css-mJTve\"><\/div>\n<\/div>\n<div class=\"brz-wrapper-clone brz-css-vZqyj brz-css-lKg6x\">\n<div class=\"brz-d-xs-flex brz-flex-xs-wrap brz-css-jFuX6 brz-css-cpSOP\" data-brz-custom-id>\n<div class=\"brz-wrapper-clone__item\" id=\"fiewlnafysadetomklcodzqcomytkpyhxofv\"><a class=\"brz-a brz-btn brz-css-xOq8Y brz-css-uxoeK\" href=\"#contacto\" target=\"_self\" rel=\"noopener\" data-brz-link-type=\"external\" data-brz-custom-id=\"fiewlnafysadetomklcodzqcomytkpyhxofv\"><span data-brz-translate-text=\"1\" class=\"brz-span brz-text__editor\">Solicita informaci\u00f3n<\/span><\/a><\/div>\n<\/div>\n<\/div>\n<\/div>\n<\/div>\n<\/div>\n<\/div>\n<div class=\"brz-row__container brz-css-jYbLR\" data-brz-custom-id=\"tmcvwlmzjdhpqolkaerzkbneknzjszlwysif\">\n<div class=\"brz-bg\"><\/div>\n<div class=\"brz-row brz-row--inner brz-css-fCi0J brz-css-wQkSn\">\n<div class=\"brz-columns brz-css-xu83L brz-css-hcWxT\" data-brz-custom-id=\"drunnektdfwzygvtnznbtgxknmqcgjefssrp\">\n<div class=\"brz-bg\">\n<div class=\"brz-bg-color\"><\/div>\n<\/div>\n<div class=\"brz-column__items brz-css-xA0s2 brz-css-q6ypR\">\n<div id class=\"brz-css-rjuAC brz-css-udQCZ brz-wrapper\">\n<div class=\"brz-rich-text brz-rich-text__custom brz-css-ggzZu\" data-brz-custom-id=\"lidxevbnavhquigtvicjmckanpilgyonwecn\">\n<div data-brz-translate-text=\"1\">\n<h3 class=\"brz-tp-heading3 brz-css-dTW1l\"><span class=\"brz-cp-color6\">Tecnificaci\u00f3n y entrenamientos grupales e individuales<\/span><\/h3>\n<\/div>\n<\/div>\n<\/div>\n<div id class=\"brz-css-rjuAC brz-css-gFfIe brz-wrapper\">\n<div class=\"brz-spacer brz-css-pkGTb brz-css-iZEEV\"><\/div>\n<\/div>\n<div class=\"brz-wrapper-clone brz-css-vZqyj brz-css-bKerD\">\n<div class=\"brz-d-xs-flex brz-flex-xs-wrap brz-css-jFuX6 brz-css-tefxl\" data-brz-custom-id>\n<div class=\"brz-wrapper-clone__item\" id=\"cmnlrxkyqlkhmypssakdzrafdawmgxxbxuxk\"><a class=\"brz-a brz-btn brz-css-xOq8Y brz-css-twC3z\" href=\"#contacto\" target=\"_self\" rel=\"noopener\" data-brz-link-type=\"external\" data-brz-custom-id=\"cmnlrxkyqlkhmypssakdzrafdawmgxxbxuxk\"><span data-brz-translate-text=\"1\" class=\"brz-span brz-text__editor\">Solicita informaci\u00f3n<\/span><\/a><\/div>\n<\/div>\n<\/div>\n<\/div>\n<\/div>\n<div class=\"brz-columns brz-css-xu83L brz-css-sVnnF\" data-brz-custom-id=\"vuvqmxlkvxqribeycptbisoncyygqojfsize\">\n<div class=\"brz-column__items brz-css-xA0s2 brz-css-n2wPr\">\n<div id class=\"brz-css-rjuAC brz-css-tQpYQ brz-wrapper\">\n<div class=\"brz-rich-text brz-rich-text__custom brz-css-ggzZu\" data-brz-custom-id=\"trkunffilrgyzmyhfbxyyktussjbolefgoxw\">\n<div data-brz-translate-text=\"1\">\n<h5 class=\"brz-tp-heading5 brz-css-urpUP\"><span class=\"brz-cp-color6\">Si est\u00e1s interesado en alguno de estos servicios, solicita m\u00e1s informaci\u00f3n, sin compromiso.<\/span><\/h5>\n<\/div>\n<\/div>\n<\/div>\n<div id class=\"brz-css-rjuAC brz-css-gFfIe brz-css-wJ4xH brz-wrapper\">\n<div class=\"brz-spacer brz-css-pkGTb brz-css-kO8zm\"><\/div>\n<\/div>\n<\/div>\n<\/div>\n<\/div>\n<\/div>\n<\/div>\n<\/div>\n<\/div>\n<\/div>\n<\/div>\n<\/div>\n<\/section>\n<section id=\"servicios\" class=\"brz-section brz-css-teIqV\">\n<div class=\"brz-section__content brz-section--boxed brz-css-gCJok brz-css-eeHjZ\" data-brz-custom-id=\"cpwWUjrmZSAy\">\n<div class=\"brz-bg\">\n<div class=\"brz-bg-color\"><\/div>\n<\/div>\n<div class=\"brz-container brz-css-j09aG\">\n<div class=\"brz-row__container brz-css-jYbLR\" data-brz-custom-id=\"qJ0J6B57yUeQ\">\n<div class=\"brz-bg\"><\/div>\n<div class=\"brz-row brz-css-fCi0J brz-css-wQkSn\">\n<div class=\"brz-columns brz-css-xu83L brz-css-eesyj\" data-brz-custom-id=\"vjuIEXSESpjL\">\n<div class=\"brz-column__items brz-css-xA0s2 brz-css-qH59L\">\n<div id class=\"brz-css-rjuAC brz-css-d5z_7 brz-wrapper\">\n<div class=\"brz-rich-text brz-rich-text__custom brz-css-ggzZu\" data-brz-custom-id=\"bQzONhyXI3ZJ\">\n<div data-brz-translate-text=\"1\">\n<p class=\"brz-text-lg-left brz-tp-lg-abovetitle brz-css-dGg2O\" data-generated-css=\"brz-css-qHcDG\" data-uniq-id=\"fIJ0o\"><span class=\"brz-cp-color2\">MIEMBROS<\/span><\/p>\n<\/div>\n<\/div>\n<\/div>\n<div id class=\"brz-css-rjuAC brz-wrapper\">\n<div class=\"brz-rich-text brz-rich-text__custom brz-css-ggzZu\" data-brz-custom-id=\"iQ3dUOMNKRbk\">\n<div data-brz-translate-text=\"1\">\n<h2 class=\"brz-tp-lg-heading2 brz-css-nqe8P\" data-generated-css=\"brz-css-aWDCk\" data-uniq-id=\"vai5_\"><span class=\"brz-cp-color2\">Contenido exclusivo para miembros<\/span><\/h2>\n<\/div>\n<\/div>\n<\/div>\n<div id class=\"brz-css-rjuAC brz-css-vLHkG brz-wrapper\">\n<div class=\"brz-rich-text brz-rich-text__custom brz-css-ggzZu\" data-brz-custom-id=\"kJxYzAmeaU7i\">\n<div data-brz-translate-text=\"1\">\n<p class=\"brz-tp-lg-subtitle brz-css-c9R4H\" data-generated-css=\"brz-css-m0X3o\" data-uniq-id=\"kb3Al\"><span class=\"brz-cp-color2\">\u00a1Prueba los contenidos en abierto!<\/span><\/p>\n<\/div>\n<\/div>\n<\/div>\n<\/div>\n<\/div>\n<div class=\"brz-columns brz-css-xu83L brz-css-okioM\" data-brz-custom-id=\"sxuKIUo1gIKz\">\n<div class=\"brz-bg\"><\/div>\n<div class=\"brz-column__items brz-css-xA0s2 brz-css-r10yR\">\n<div class=\"brz-row__container brz-css-jYbLR\" data-brz-custom-id=\"y00qg_JTzatI\">\n<div class=\"brz-bg\"><\/div>\n<div class=\"brz-row brz-row--inner brz-css-fCi0J brz-css-wQkSn\">\n<div class=\"brz-columns brz-css-xu83L brz-css-o6lHW\" data-brz-custom-id=\"tSq84FjqBgYI\">\n<div class=\"brz-bg\">\n<div class=\"brz-bg-color\"><\/div>\n<\/div>\n<div class=\"brz-column__items brz-css-xA0s2 brz-css-diLQS\">\n<div id class=\"brz-css-rjuAC brz-css-cJ8Bu brz-wrapper\">\n<div class=\"brz-rich-text brz-rich-text__custom brz-css-ggzZu\" data-brz-custom-id=\"g3RjPZFk3Bwd\">\n<div data-brz-translate-text=\"1\">\n<h3 class=\"brz-tp-lg-heading3 brz-css-rvxw4\" data-generated-css=\"brz-css-iLzyy\" data-uniq-id=\"c8BrW\"><span class=\"brz-cp-color6\">Reg\u00edstrate gratis y accede a nuestro contenido exclusivo para miembros.<\/span><\/h3>\n<\/div>\n<\/div>\n<\/div>\n<div id class=\"brz-css-rjuAC brz-css-gFfIe brz-wrapper\">\n<div class=\"brz-spacer brz-css-pkGTb brz-css-edV5p\"><\/div>\n<\/div>\n<div class=\"brz-wrapper-clone brz-css-vZqyj brz-css-dxQDX\">\n<div class=\"brz-d-xs-flex brz-flex-xs-wrap brz-css-jFuX6 brz-css-ywVQy\" data-brz-custom-id>\n<div class=\"brz-wrapper-clone__item\" id=\"qiWBliMfRxvC\"><a class=\"brz-a brz-btn brz-css-xOq8Y brz-css-fdzu2\" href=\"\" target=\"_self\" rel=\"noopener\" data-brz-link-type=\"page\" data-brz-custom-id=\"qiWBliMfRxvC\"><span data-brz-translate-text=\"1\" class=\"brz-span brz-text__editor\">Quiero registrarme<\/span><\/a><\/div>\n<\/div>\n<\/div>\n<\/div>\n<\/div>\n<\/div>\n<\/div>\n<\/div>\n<\/div>\n<\/div>\n<\/div>\n<\/div>\n<\/div>\n<\/section>\n<section id=\"contacto\" class=\"brz-section brz-css-teIqV\">\n<div class=\"brz-section__content brz-section--boxed brz-css-gCJok brz-css-ngl9r\" data-brz-custom-id=\"apewvhfoedjccrrpohoasvxyeltrzvsnudob\">\n<div class=\"brz-bg\">\n<div class=\"brz-bg-color\"><\/div>\n<\/div>\n<div class=\"brz-container brz-css-j09aG\">\n<div class=\"brz-row__container brz-css-jYbLR\" data-brz-custom-id=\"smvyvnwwulhzftwuloviypuvfjqudhfixncm\">\n<div class=\"brz-bg\"><\/div>\n<div class=\"brz-row brz-css-fCi0J brz-css-wQkSn\">\n<div class=\"brz-columns brz-css-xu83L brz-css-f2GyK\" data-brz-custom-id=\"ifmlpyuufamtvzbztdwhwhzxvfsaulcliucp\">\n<div class=\"brz-bg\"><\/div>\n<div class=\"brz-column__items brz-css-xA0s2 brz-css-qUXh4\">\n<div id class=\"brz-css-rjuAC brz-wrapper\">\n<div class=\"brz-rich-text brz-rich-text__custom brz-css-ggzZu\" data-brz-custom-id=\"vhihxqzewarymecglflglqfkhyjusimcpyvs\">\n<div data-brz-translate-text=\"1\">\n<p data-generated-css=\"brz-css-aquee\" data-uniq-id=\"lsmmg\" class=\"brz-text-sm-left brz-tp-lg-abovetitle brz-css-v_C4j\"><span class=\"brz-cp-color6 brz-capitalize-on\">Contacto WEIK FUTSAL<\/span><\/p>\n<\/div>\n<\/div>\n<\/div>\n<div id class=\"brz-css-rjuAC brz-wrapper\">\n<div class=\"brz-rich-text brz-rich-text__custom brz-css-ggzZu\" data-brz-custom-id=\"yrsbuwommxvnuhbygnxjxbcipxigoygxoxtw\">\n<div data-brz-translate-text=\"1\">\n<h2 class=\"brz-text-sm-left brz-tp-lg-heading2 brz-css-uloKh\" data-generated-css=\"brz-css-apuac\" data-uniq-id=\"qfimc\"><span class=\"brz-cp-color6\">Datos y formulario de contacto<\/span><\/h2>\n<\/div>\n<\/div>\n<\/div>\n<div id class=\"brz-css-rjuAC brz-wrapper\">\n<div class=\"brz-rich-text brz-rich-text__custom brz-css-ggzZu\" data-brz-custom-id=\"nfrpviyiglynvyarxswgzwjpdubmwbuqeuvh\">\n<div data-brz-translate-text=\"1\">\n<p class=\"brz-tp-lg-paragraph brz-text-sm-left brz-css-ziwmM\" data-uniq-id=\"axrjo\" data-generated-css=\"brz-css-xzjof\"><span class=\"brz-cp-color6\">Escr\u00edbenos a trav\u00e9s del formulario de contacto o si lo prefieres a trav\u00e9s del correo electr\u00f3nico, el tel\u00e9fono, por WhatsApp o las redes sociales. \u00a1Te responderemos lo antes posible!<\/span><\/p>\n<\/div>\n<\/div>\n<\/div>\n<div id class=\"brz-css-rjuAC brz-css-yW7oB brz-wrapper\">\n<div class=\"brz-rich-text brz-rich-text__custom brz-css-ggzZu\" data-brz-custom-id=\"jquohftdlckpggyrwdhoyxnhqntamyezngmz\">\n<div data-brz-translate-text=\"1\">\n<h5 class=\"brz-tp-lg-heading5 brz-text-sm-left brz-css-dSh8q\" data-uniq-id=\"hisfl\" data-generated-css=\"brz-css-sqepg\"><a class=\"brz-cp-color6 link--external\" href=\"tel:+34667672797\" data-brz-link-type=\"external\">+34 667 672 797<\/a><\/h5>\n<\/div>\n<\/div>\n<\/div>\n<div id class=\"brz-css-rjuAC brz-wrapper\">\n<div class=\"brz-rich-text brz-rich-text__custom brz-css-ggzZu\" data-brz-custom-id=\"wrglxspzwofwenhvghsfwvsaazfhqxfiezhr\">\n<div data-brz-translate-text=\"1\">\n<h5 class=\"brz-tp-lg-heading5 brz-text-sm-left brz-css-uqE9R\" data-uniq-id=\"myccc\" data-generated-css=\"brz-css-bthxi\"><span class=\"brz-cp-color6 brz-span\">info@weikfutsal.com<\/span><\/h5>\n<\/div>\n<\/div>\n<\/div>\n<div class=\"brz-wrapper-clone brz-css-vZqyj\">\n<div class=\"brz-d-xs-flex brz-flex-xs-wrap brz-css-jFuX6 brz-css-abDE9\" data-brz-custom-id>\n<div class=\"brz-wrapper-clone__item\" id=\"onhjdzzudhffscbdxkoivbzxjusafolqnwsb\">\n<div class=\"brz-icon__container\" data-brz-custom-id=\"onhjdzzudhffscbdxkoivbzxjusafolqnwsb\"><a class=\"brz-a\" href=\"https:\/\/www.facebook.com\/WeikFutsal\" target=\"_blank\" rel=\"noopener\" data-brz-link-type=\"external\"><span class=\"brz-icon brz-span brz-css-roelp brz-css-jtwOL\"><\/span><\/a><\/div>\n<\/div>\n<div class=\"brz-wrapper-clone__item\" id=\"mnvxyyrtoeklxqnmszxkffyufqxvvwakfmwo\">\n<div class=\"brz-icon__container\" data-brz-custom-id=\"mnvxyyrtoeklxqnmszxkffyufqxvvwakfmwo\"><a class=\"brz-a\" href=\"https:\/\/www.instagram.com\/weikfutsal\/\" target=\"_blank\" rel=\"noopener\" data-brz-link-type=\"external\"><span class=\"brz-icon brz-span brz-css-roelp brz-css-orHi_\"><\/span><\/a><\/div>\n<\/div>\n<div class=\"brz-wrapper-clone__item\" id=\"puoyjimnpymfxfixwowgnsqhbeurcoiabuyb\">\n<div class=\"brz-icon__container\" data-brz-custom-id=\"puoyjimnpymfxfixwowgnsqhbeurcoiabuyb\"><a class=\"brz-a\" href=\"https:\/\/twitter.com\/WeikFutsal\" target=\"_blank\" rel=\"noopener\" data-brz-link-type=\"external\"><span class=\"brz-icon brz-span brz-css-roelp brz-css-qCxAO\"><\/span><\/a><\/div>\n<\/div>\n<div class=\"brz-wrapper-clone__item\" id=\"uwgcwnfiqsgxlbfvywonwglndljmzbumcqlc\">\n<div class=\"brz-icon__container\" data-brz-custom-id=\"uwgcwnfiqsgxlbfvywonwglndljmzbumcqlc\"><a class=\"brz-a\" href=\"https:\/\/www.youtube.com\/channel\/UCDnDAcb_Ji2SMjIDziyWFwQ\" target=\"_blank\" rel=\"noopener\" data-brz-link-type=\"external\"><span class=\"brz-icon brz-span brz-css-roelp brz-css-oQfc4\"><\/span><\/a><\/div>\n<\/div>\n<\/div>\n<\/div>\n<\/div>\n<\/div>\n<div class=\"brz-columns brz-css-xu83L brz-css-u62xB\" data-brz-custom-id=\"mzzmfhqebyunzlryulafjmlkxowqzezkwpbu\">\n<div class=\"brz-bg\"><\/div>\n<div class=\"brz-column__items brz-css-xA0s2 brz-css-nta4E\">\n<div id class=\"brz-css-rjuAC brz-css-ntygV brz-wrapper\">\n<div data-brz-form-version=\"2\" class=\"brz-forms2 brz-css-ddyCk brz-css-nL_CA\" data-brz-custom-id=\"bumrugnvrrrnxfywprxwawwewyiyumdwrrgy\">\n<div data-brz-translate-text=\"1\" class=\"brz-forms2__item brz-css-wi8w0 brz-css-wVmNm brz-css-hYKqA brz-css-qqCPp\"><\/div>\n<div data-brz-translate-text=\"1\" class=\"brz-forms2__item brz-css-wi8w0 brz-css-wVmNm brz-css-hYKqA brz-css-eWoCQ\"><\/div>\n<div data-brz-translate-text=\"1\" class=\"brz-forms2__item brz-css-wi8w0 brz-css-wVmNm brz-css-hYKqA brz-css-rUXAk\"><\/div>\n<div data-brz-translate-text=\"1\" class=\"brz-forms2__item brz-css-wi8w0 brz-css-wVmNm brz-css-hYKqA brz-css-ewHqE\"><\/div>\n<div data-brz-translate-text=\"1\" class=\"brz-forms2__item brz-css-wi8w0 brz-css-wVmNm brz-css-hYKqA brz-css-iefDj\"><textarea id=\"dsCSSTiAxKCz\" name=\"pzaggethaedliqgtkycgsxkavnhyowugkvin\" data-brz-type=\"Paragraph\" data-brz-label=\"Tu mensaje\" data-brz-placeholder=\"Tu mensaje\" class=\"brz-textarea brz-forms2__field brz-forms2__field-paragraph\"><\/textarea><\/div>\n<div data-brz-translate-text=\"1\" class=\"brz-forms2__item brz-css-wi8w0 brz-css-wVmNm brz-css-hYKqA\">\n<div class=\"brz-forms2__field brz-forms2__checkbox\">\n<div class=\"brz-control__check-group brz-forms2__checkbox-options\">\n<div data-brz-translate-text=\"1\" class=\"brz-control__check-group-option brz-forms2__checkbox-option\"><label class=\"brz-label\" for=\"fnm2woSFMGbC\"><\/p>\n<div class=\"brz-control__check-group-icon brz-control__check-group--check\"><\/div>\n<div class=\"brz-control__check-group-icon brz-control__check-group--uncheck\"><\/div>\n<p><span class=\"brz-span brz-forms2__checkbox-option-name\">He le\u00eddo y acepto la pol\u00edtica de privacidad descrita en esta web.<\/span><\/label><\/div>\n<\/div>\n<\/div>\n<\/div>\n<div class=\"brz-forms2 brz-forms2__item brz-forms2__item-button\" data-brz-custom-id=\"bumrugnvrrrnxfywprxwawwewyiyumdwrrgy\"><button class=\"brz-btn brz-btn-submit brz-css-xOq8Y brz-css-hWmxe\" data-brz-custom-id=\"epmwnnwjbtjxnofmvkfbdpbznyxhdcdwsibq\"><span data-brz-translate-text=\"1\" class=\"brz-span brz-text__editor\">Enviar mensaje<\/span><\/button>!function(){function t(t){this.element=t,this.animationId,this.start=null,this.init()}if(!window.requestAnimationFrame){var i=null;window.requestAnimationFrame=function(t,n){var e=(new Date).getTime();i||(i=e);var a=Math.max(0,16-(e-i)),o=window.setTimeout(function(){t(e+a)},a);return i=e+a,o}}t.prototype.init=function(){var t=this;this.animationId=window.requestAnimationFrame(t.triggerAnimation.bind(t))},t.prototype.reset=function(){var t=this;window.cancelAnimationFrame(t.animationId)},t.prototype.triggerAnimation=function(t){var i=this;this.start||(this.start=t);var n=t-this.start;504&gt;n||(this.start=this.start+504),this.element.setAttribute(&quot;transform&quot;,&quot;rotate(&quot;+Math.min(n\/1.4,360)+&quot; 12 12)&quot;);if(document.documentElement.contains(this.element))window.requestAnimationFrame(i.triggerAnimation.bind(i))};var n=document.getElementsByClassName(&quot;nc-loop_circle-02-24&quot;),e=[];if(n)for(var a=0;n.length&gt;a;a++)!function(i){e.push(new t(n[i]))}(a);document.addEventListener(&quot;visibilitychange&quot;,function(){&quot;hidden&quot;==document.visibilityState?e.forEach(function(t){t.reset()}):e.forEach(function(t){t.init()})})}();<\/div>\n<div class=\"brz-g-recaptcha\" data-sitekey=\"6LdREpoeAAAAAGZvuoWC-i76brdw7EO8ZqaQ73vJ\" data-size=\"invisible\" data-callback=\"brzFormV2Captcha\"><\/div>\n<\/div>\n<\/div>\n<\/div>\n<\/div>\n<\/div>\n<\/div>\n<\/div>\n<\/div>\n<\/section>\n<\/div>\n<p>    <!-- version:1740755367 --><\/p>\n","protected":false},"excerpt":{"rendered":"<p>Servicios personalizados para entrenadores, jugadores y clubes de F\u00fatbol Sala para una mejora t\u00e9cnica-t\u00e1ctica y de conocimientos y adaptados a cada cliente.<\/p>","protected":false},"author":1,"featured_media":0,"parent":0,"menu_order":4,"comment_status":"closed","ping_status":"closed","template":"","meta":{"_acf_changed":false,"_ppp_document_settings_meta":"","footnotes":""},"class_list":["post-67","page","type-page","status-publish"],"acf":[],"brizy_media":[],"_links":{"self":[{"href":"https:\/\/weikfutsal.com\/en\/wp-json\/wp\/v2\/pages\/67","targetHints":{"allow":["GET"]}}],"collection":[{"href":"https:\/\/weikfutsal.com\/en\/wp-json\/wp\/v2\/pages"}],"about":[{"href":"https:\/\/weikfutsal.com\/en\/wp-json\/wp\/v2\/types\/page"}],"author":[{"embeddable":true,"href":"https:\/\/weikfutsal.com\/en\/wp-json\/wp\/v2\/users\/1"}],"replies":[{"embeddable":true,"href":"https:\/\/weikfutsal.com\/en\/wp-json\/wp\/v2\/comments?post=67"}],"version-history":[{"count":1,"href":"https:\/\/weikfutsal.com\/en\/wp-json\/wp\/v2\/pages\/67\/revisions"}],"predecessor-version":[{"id":26213,"href":"https:\/\/weikfutsal.com\/en\/wp-json\/wp\/v2\/pages\/67\/revisions\/26213"}],"wp:attachment":[{"href":"https:\/\/weikfutsal.com\/en\/wp-json\/wp\/v2\/media?parent=67"}],"curies":[{"name":"wp","href":"https:\/\/api.w.org\/{rel}","templated":true}]}}