{"id":17702,"date":"2022-05-09T19:02:08","date_gmt":"2022-05-09T17:02:08","guid":{"rendered":"https:\/\/weikfutsal.com\/?page_id=17702"},"modified":"2026-04-14T00:36:11","modified_gmt":"2026-04-13T22:36:11","slug":"contact","status":"publish","type":"page","link":"https:\/\/weikfutsal.com\/en\/contacto\/","title":{"rendered":"Contact"},"content":{"rendered":"<div class=\"brz-root__container brz-reset-all brz brz-root__container-page\">\n<section id=\"contacto\" class=\"brz-section brz-css-kw9xcl brz-css-1wmcbfa\">\n<div class=\"brz-section__content brz-section--boxed brz-css-pidafg brz-css-72g1ca\" data-brz-custom-id=\"vrxqyhohyoedgbmhncvnpvojihpsegytihuc\">\n<div class=\"brz-bg\">\n<div class=\"brz-bg-image brz-bg-image-parallax\"><\/div>\n<div class=\"brz-bg-color\"><\/div>\n<\/div>\n<div class=\"brz-container brz-css-1jkr9hd brz-css-7ob9pj\">\n<div class=\"brz-row__container brz-css-1o5lpt1 brz-css-1imfhto\" data-brz-custom-id=\"uzqaaqydsxaoukoawpxluaeubrezoagrqkgq\">\n<div class=\"brz-row brz-css-vs4yqh brz-css-amllj9 brz-css-1gj264\">\n<div class=\"brz-columns brz-css-1vviv3f brz-css-3aurp5\" data-brz-custom-id=\"cvhxhfyhgqwhsxkhmimlljthesulnfhsxyeo\">\n<div class=\"brz-column__items brz-css-16sy4qx brz-css-1v7ujl\">\n<div id=\"\" class=\"brz-css-1q89sz2 brz-css-1kq1pbg brz-wrapper\">\n<div class=\"brz-rich-text brz-rich-text__custom brz-css-16g2ew1 brz-css-1nf9pv4\" data-brz-custom-id=\"jtvujrhbxgnkueerkxrxjsesemhetfllxktq\">\n<div data-brz-translate-text=\"1\">\n<p data-uniq-id=\"kyjaa\" data-generated-css=\"brz-css-jcoed\" class=\"brz-text-sm-left brz-tp-lg-abovetitle brz-css-zw9e4\"><span class=\"brz-cp-color6 brz-capitalize-on\">WEIK FUTSAL Contact<\/span><\/p>\n<\/div>\n<\/div>\n<\/div>\n<div id=\"\" class=\"brz-css-1q89sz2 brz-css-hl3jjm brz-wrapper\">\n<div class=\"brz-rich-text brz-rich-text__custom brz-css-16g2ew1 brz-css-3824yw\" data-brz-custom-id=\"bcehbasepfwpnserejttlqmoiawcmwncmkzr\">\n<div data-brz-translate-text=\"1\">\n<h1 class=\"brz-tp-lg-heading1 brz-text-sm-left brz-css-fli_5\" data-uniq-id=\"jnhsl\" data-generated-css=\"brz-css-tikpv\"><span class=\"brz-cp-color6\">Contact details and contact form<\/span><\/h1>\n<\/div>\n<\/div>\n<\/div>\n<div id=\"\" class=\"brz-css-1q89sz2 brz-css-12n7hc5 brz-wrapper\">\n<div class=\"brz-rich-text brz-rich-text__custom brz-css-16g2ew1 brz-css-8i832g\" data-brz-custom-id=\"foxzhjsijefmqtvlomlcsoxfkvzkxdhdiaev\">\n<div data-brz-translate-text=\"1\">\n<p class=\"brz-tp-lg-paragraph brz-text-sm-left brz-css-dZvip\" data-uniq-id=\"bozpm\" data-generated-css=\"brz-css-jbytf\"><span class=\"brz-cp-color6\">Write to us via the contact form or, if you prefer, by email, telephone, WhatsApp or social media - we'll get back to you as soon as possible!<\/span><\/p>\n<\/div>\n<\/div>\n<\/div>\n<div id=\"\" class=\"brz-css-1q89sz2 brz-css-6lifly brz-wrapper\">\n<div class=\"brz-rich-text brz-rich-text__custom brz-css-16g2ew1 brz-css-40c7o0\" data-brz-custom-id=\"masbpcpzaqcognpcuocjnvnsxutffwrqfhgf\">\n<div data-brz-translate-text=\"1\">\n<h5 class=\"brz-tp-lg-heading5 brz-text-sm-left brz-css-zccP1\" data-uniq-id=\"hisfl\" data-generated-css=\"brz-css-sqepg\"><a class=\"brz-cp-color6 link--external\" href=\"tel:+34667672797\" data-brz-link-type=\"external\">+34 667 672 797<\/a><\/h5>\n<\/div>\n<\/div>\n<\/div>\n<div id=\"\" class=\"brz-css-1q89sz2 brz-css-1tu1ge5 brz-wrapper\">\n<div class=\"brz-rich-text brz-rich-text__custom brz-css-16g2ew1 brz-css-118st8g\" data-brz-custom-id=\"zudgpuravwuehijsxlixoslozuxrtfpqxhup\">\n<div data-brz-translate-text=\"1\">\n<h5 class=\"brz-tp-lg-heading5 brz-text-sm-left brz-css-ipeAe\" data-uniq-id=\"myccc\" data-generated-css=\"brz-css-bthxi\"><span class=\"brz-cp-color6 brz-span\">info@weikfutsal.com<\/span><\/h5>\n<\/div>\n<\/div>\n<\/div>\n<div class=\"brz-wrapper-clone brz-flex-xs-wrap brz-css-1ga3126 brz-css-1cbmpyr\" data-brz-custom-id=\"orwnguotzwfaoyqwbahppsrvwxvijpwjucck\">\n<div class=\"brz-icon__container\" data-brz-custom-id=\"cwhfoetvurahgvpajxcdpryctkxfnwpeuzbv\"><a class=\"brz-a\" href=\"https:\/\/www.facebook.com\/WeikFutsal\" target=\"_blank\" rel=\"noopener\" data-brz-link-type=\"external\"><span class=\"brz-icon brz-span brz-css-3oexl5 brz-css-310s54\"><\/span><\/a><\/div>\n<div class=\"brz-icon__container\" data-brz-custom-id=\"rfjjslpwjfhkrdzwyfwkignkrfrrdixsjuwy\"><a class=\"brz-a\" href=\"https:\/\/www.instagram.com\/weikfutsal\/\" target=\"_blank\" rel=\"noopener\" data-brz-link-type=\"external\"><span class=\"brz-icon brz-span brz-css-3oexl5 brz-css-124adt3\"><\/span><\/a><\/div>\n<div class=\"brz-icon__container\" data-brz-custom-id=\"jvlnismxqwohebqopnhkuavmmlqudbdskkrb\"><a class=\"brz-a\" href=\"https:\/\/twitter.com\/WeikFutsal\" target=\"_blank\" rel=\"noopener\" data-brz-link-type=\"external\"><span class=\"brz-icon brz-span brz-css-3oexl5 brz-css-119q5qx\"><\/span><\/a><\/div>\n<div class=\"brz-icon__container\" data-brz-custom-id=\"tdxcruaymsetgsaqlarbnryzvsgjaqzfuymc\"><a class=\"brz-a\" href=\"https:\/\/www.youtube.com\/channel\/UCDnDAcb_Ji2SMjIDziyWFwQ\" target=\"_blank\" rel=\"noopener\" data-brz-link-type=\"external\"><span class=\"brz-icon brz-span brz-css-3oexl5 brz-css-p6btco\"><\/span><\/a><\/div>\n<\/div>\n<\/div>\n<\/div>\n<div class=\"brz-columns brz-css-1vviv3f brz-css-fuhuse\" data-brz-custom-id=\"bbwgxaxvgiyupymovjnhbzcxnqlpupqgzcrf\">\n<div class=\"brz-column__items brz-css-16sy4qx brz-css-qmtcjm\">\n<div id=\"\" class=\"brz-css-1q89sz2 brz-css-1k99i0w brz-wrapper\">\n<div data-brz-form-version=\"2\" class=\"brz-forms2 brz-css-vj430v brz-css-hh4fq9\" data-brz-custom-id=\"udtjyirodlppykqtiwtedvnjzwsuaghpeumd\">\n<div data-brz-translate-text=\"1\" class=\"brz-forms2__item brz-css-1traogz brz-css-1vrgnb2 brz-css-1equd5r brz-css-9j2pz1\"><\/div>\n<div data-brz-translate-text=\"1\" class=\"brz-forms2__item brz-css-1traogz brz-css-1vrgnb2 brz-css-1equd5r brz-css-1apdgg2\"><\/div>\n<div data-brz-translate-text=\"1\" class=\"brz-forms2__item brz-css-1traogz brz-css-1vrgnb2 brz-css-1equd5r brz-css-19f2783\"><\/div>\n<div data-brz-translate-text=\"1\" class=\"brz-forms2__item brz-css-1traogz brz-css-1vrgnb2 brz-css-1equd5r brz-css-ej698d\"><\/div>\n<div data-brz-translate-text=\"1\" class=\"brz-forms2__item brz-css-1traogz brz-css-1vrgnb2 brz-css-1equd5r brz-css-tqr9fk\"><textarea id=\"t_WNUPqYgaPz_b2d216de1aa7b1a5de46\" name=\"liexdxihxoohpperiipuqnjvpqjsjaxvssrt\" data-brz-type=\"Paragraph\" data-brz-label=\"Tu mensaje\" data-brz-placeholder=\"Tu mensaje\" class=\"brz-textarea brz-forms2__field brz-forms2__field-paragraph\"><\/textarea><\/div>\n<div data-brz-translate-text=\"1\" class=\"brz-forms2__item brz-css-1traogz brz-css-1vrgnb2 brz-css-1equd5r brz-css-7p61m5\">\n<div class=\"brz-forms2__field brz-forms2__checkbox\">\n<div class=\"brz-control__check-group brz-forms2__checkbox-options\">\n<div data-brz-translate-text=\"1\" class=\"brz-control__check-group-option brz-forms2__checkbox-option\"><label class=\"brz-label\" for=\"iajThwRd1WGh\"><\/p>\n<div class=\"brz-control__check-group-icon brz-control__check-group--check\"><\/div>\n<div class=\"brz-control__check-group-icon brz-control__check-group--uncheck\"><\/div>\n<p><span class=\"brz-forms2__checkbox-option-name brz-span\">I have read and accept the privacy policy described in this web.<\/span><\/label><\/div>\n<\/div>\n<\/div>\n<\/div>\n<div class=\"brz-forms2 brz-forms2__item brz-forms2__item-button\" data-brz-custom-id=\"udtjyirodlppykqtiwtedvnjzwsuaghpeumd\"><button class=\"brz-btn brz-btn-submit brz-css-qg6jc3 brz-css-1a95os0\" data-brz-custom-id=\"fqmrtryhpgfkwihvqiiefrkudgjgaknspfqi\"><span data-brz-translate-text=\"1\" class=\"brz-span brz-text__editor\">Send Message<\/span><\/button><\/div>\n<div class=\"brz-g-recaptcha\" data-sitekey=\"6LdREpoeAAAAAGZvuoWC-i76brdw7EO8ZqaQ73vJ\" data-size=\"invisible\" data-callback=\"brzFormV2Captcha\"><\/div>\n<\/div>\n<\/div>\n<\/div>\n<\/div>\n<\/div>\n<\/div>\n<\/div>\n<\/div>\n<\/section>\n<\/div>\n<p>    <!-- version:1750925997 --><\/p>","protected":false},"excerpt":{"rendered":"<p>Contacta a trav\u00e9s del formulario o si lo prefieres por correo electr\u00f3nico, tel\u00e9fono o WhatsApp o a trav\u00e9s de las redes sociales.<\/p>","protected":false},"author":1,"featured_media":0,"parent":0,"menu_order":7,"comment_status":"closed","ping_status":"closed","template":"","meta":{"_acf_changed":false,"_ppp_document_settings_meta":"","footnotes":""},"class_list":["post-17702","page","type-page","status-publish"],"acf":[],"brizy_media":[],"_links":{"self":[{"href":"https:\/\/weikfutsal.com\/en\/wp-json\/wp\/v2\/pages\/17702","targetHints":{"allow":["GET"]}}],"collection":[{"href":"https:\/\/weikfutsal.com\/en\/wp-json\/wp\/v2\/pages"}],"about":[{"href":"https:\/\/weikfutsal.com\/en\/wp-json\/wp\/v2\/types\/page"}],"author":[{"embeddable":true,"href":"https:\/\/weikfutsal.com\/en\/wp-json\/wp\/v2\/users\/1"}],"replies":[{"embeddable":true,"href":"https:\/\/weikfutsal.com\/en\/wp-json\/wp\/v2\/comments?post=17702"}],"version-history":[{"count":7,"href":"https:\/\/weikfutsal.com\/en\/wp-json\/wp\/v2\/pages\/17702\/revisions"}],"predecessor-version":[{"id":26615,"href":"https:\/\/weikfutsal.com\/en\/wp-json\/wp\/v2\/pages\/17702\/revisions\/26615"}],"wp:attachment":[{"href":"https:\/\/weikfutsal.com\/en\/wp-json\/wp\/v2\/media?parent=17702"}],"curies":[{"name":"wp","href":"https:\/\/api.w.org\/{rel}","templated":true}]}}